{"id":4663,"date":"2020-06-03T11:28:55","date_gmt":"2020-06-03T11:28:55","guid":{"rendered":"https:\/\/demo.pro.radio\/wp12\/blog-masonry\/"},"modified":"2025-12-09T02:48:57","modified_gmt":"2025-12-09T05:48:57","slug":"noticias","status":"publish","type":"page","link":"https:\/\/radioterrafm.com\/site\/noticias\/","title":{"rendered":"Not\u00edcias"},"content":{"rendered":"<h3>R\u00e1dio Online &#8211; R\u00e1dio Sertaneja Online &#8211; R\u00e1dio Terra FM<\/h3>\n","protected":false},"excerpt":{"rendered":"<p>R\u00e1dio Online &#8211; R\u00e1dio Sertaneja Online &#8211; R\u00e1dio Terra FM<\/p>\n","protected":false},"author":1,"featured_media":0,"parent":0,"menu_order":0,"comment_status":"closed","ping_status":"closed","template":"archive-masonry.php","meta":{"pagelayer_contact_templates":[],"_pagelayer_content":"","footnotes":""},"class_list":["post-4663","page","type-page","status-publish","hentry"],"jetpack_sharing_enabled":true,"_links":{"self":[{"href":"https:\/\/radioterrafm.com\/site\/wp-json\/wp\/v2\/pages\/4663","targetHints":{"allow":["GET"]}}],"collection":[{"href":"https:\/\/radioterrafm.com\/site\/wp-json\/wp\/v2\/pages"}],"about":[{"href":"https:\/\/radioterrafm.com\/site\/wp-json\/wp\/v2\/types\/page"}],"author":[{"embeddable":true,"href":"https:\/\/radioterrafm.com\/site\/wp-json\/wp\/v2\/users\/1"}],"replies":[{"embeddable":true,"href":"https:\/\/radioterrafm.com\/site\/wp-json\/wp\/v2\/comments?post=4663"}],"version-history":[{"count":6,"href":"https:\/\/radioterrafm.com\/site\/wp-json\/wp\/v2\/pages\/4663\/revisions"}],"predecessor-version":[{"id":9264,"href":"https:\/\/radioterrafm.com\/site\/wp-json\/wp\/v2\/pages\/4663\/revisions\/9264"}],"wp:attachment":[{"href":"https:\/\/radioterrafm.com\/site\/wp-json\/wp\/v2\/media?parent=4663"}],"curies":[{"name":"wp","href":"https:\/\/api.w.org\/{rel}","templated":true}]}}